{"id":8,"date":"2016-02-01T01:57:46","date_gmt":"2016-01-31T23:57:46","guid":{"rendered":"http:\/\/www.elannonnayttamo.fi\/SITE\/?page_id=8"},"modified":"2026-02-05T20:04:29","modified_gmt":"2026-02-05T18:04:29","slug":"yhteystiedot","status":"publish","type":"page","link":"https:\/\/www.elannonnayttamo.fi\/WP\/yhteystiedot\/","title":{"rendered":"Yhteystiedot"},"content":{"rendered":"<h1>YHTEYSTIEDOT<\/h1>\n<p><img loading=\"lazy\" decoding=\"async\" class=\"alignnone size-full wp-image-20\" src=\"https:\/\/www.elannonnayttamo.fi\/WP\/wp-content\/uploads\/2016\/02\/contact-building.jpg\" alt=\"contact-building\" width=\"620\" height=\"400\" srcset=\"https:\/\/www.elannonnayttamo.fi\/WP\/wp-content\/uploads\/2016\/02\/contact-building.jpg 620w, https:\/\/www.elannonnayttamo.fi\/WP\/wp-content\/uploads\/2016\/02\/contact-building-300x194.jpg 300w\" sizes=\"auto, (max-width: 620px) 100vw, 620px\" \/><\/p>\n<p>Elannon N\u00e4ytt\u00e4m\u00f6 on vuonna 1921 perustettu helsinkil\u00e4inen teatteri, joka sijaitsee Kirjan talolla, Kruununhaassa. Yhdistys toimii vapaaehtoisin voimin, eik\u00e4 sill\u00e4 ole vakituista palkattua henkil\u00f6kuntaa. J\u00e4seni\u00e4 teatterissa on n. 40. Elannon N\u00e4ytt\u00e4m\u00f6 tuottaa 2 ensi-iltaa vuodessa. Ohjelmistossa vaihtelevat tutut klassikot ja uudet n\u00e4ytelm\u00e4t komediasta draamaan.<\/p>\n<p>Teatterin paljon kehuja saaneesta buffetista vastaa Marjatta Silander. H\u00e4nen k\u00e4siss\u00e4\u00e4n syntyv\u00e4t niin suolaiset kuin makeat leipomukset.<\/p>\n<p>Marjatalta voi tilata tarjoilut my\u00f6s omiin tilaisuuksiin, tiedustelut puh. 040-584 6326.<\/p>\n<hr class=\"aligncenter\" \/>\n<h4>ELANNON N\u00c4YTT\u00c4M\u00d6N JOHTOKUNTA VUONNA 2026:<\/h4>\n<p><strong>Eija Kankare<\/strong><br \/>\npuheenjohtaja, tiedotus, markkinointi<br \/>\n040-560 9633<\/p>\n<p><strong>Susanna Sainio<\/strong><br \/>\nsihteeri, j\u00e4senkirjuri<\/p>\n<p><strong>Minna Varpiola<br \/>\n<\/strong>sihteeri<strong><br \/>\n<\/strong><\/p>\n<p><strong>Anna Heiskari<br \/>\n<\/strong>tarpeistonhoitaja<\/p>\n<p><strong>Tarja Varsa<\/strong><\/p>\n<p><strong>J\u00c4SENILLE:<\/strong><\/p>\n<p>N\u00e4ytt\u00e4m\u00f6n j\u00e4senmaksut vuodelle 2025: aktiivij\u00e4senyys 10 euroa (j\u00e4senille jotka osallistuvat aktiivisesti Elannon N\u00e4ytt\u00e4m\u00f6n toimintaan), kannatusj\u00e4senyys 60 euroa.<\/p>\n<p><strong>J\u00e4senmaksutili:<\/strong><br \/>\nIBAN: FI23 1011 3000 2563 79<\/p>\n<p><a href=\"https:\/\/www.elannonnayttamo.fi\/WP\/wp-content\/uploads\/2018\/08\/Tietosuojaseloste.pdf\" target=\"_blank\" rel=\"noopener noreferrer\">Asiakasrekisterin tietosuojaseloste (pdf)<\/a><\/p>\n<p><a href=\"https:\/\/www.elannonnayttamo.fi\/WP\/wp-content\/uploads\/2018\/05\/EN_rekisteriseloste_5_2018.pdf\" target=\"_blank\" rel=\"noopener noreferrer\">J\u00e4senrekisterin tietosuojaseloste (pdf)<\/a><\/p>\n","protected":false},"excerpt":{"rendered":"<p>YHTEYSTIEDOT Elannon N\u00e4ytt\u00e4m\u00f6 on vuonna 1921 perustettu helsinkil\u00e4inen teatteri, joka sijaitsee Kirjan talolla, Kruununhaassa. Yhdistys toimii vapaaehtoisin voimin, eik\u00e4 sill\u00e4 ole vakituista palkattua henkil\u00f6kuntaa. J\u00e4seni\u00e4 teatterissa on n. 40. Elannon N\u00e4ytt\u00e4m\u00f6 tuottaa 2 ensi-iltaa vuodessa. Ohjelmistossa vaihtelevat tutut klassikot ja uudet n\u00e4ytelm\u00e4t komediasta draamaan. Teatterin paljon kehuja saaneesta buffetista vastaa Marjatta Silander. H\u00e4nen k\u00e4siss\u00e4\u00e4n syntyv\u00e4t [&hellip;]<\/p>\n","protected":false},"author":1,"featured_media":0,"parent":0,"menu_order":0,"comment_status":"closed","ping_status":"closed","template":"","meta":{"footnotes":""},"class_list":["post-8","page","type-page","status-publish","hentry","without-featured-image"],"_links":{"self":[{"href":"https:\/\/www.elannonnayttamo.fi\/WP\/wp-json\/wp\/v2\/pages\/8","targetHints":{"allow":["GET"]}}],"collection":[{"href":"https:\/\/www.elannonnayttamo.fi\/WP\/wp-json\/wp\/v2\/pages"}],"about":[{"href":"https:\/\/www.elannonnayttamo.fi\/WP\/wp-json\/wp\/v2\/types\/page"}],"author":[{"embeddable":true,"href":"https:\/\/www.elannonnayttamo.fi\/WP\/wp-json\/wp\/v2\/users\/1"}],"replies":[{"embeddable":true,"href":"https:\/\/www.elannonnayttamo.fi\/WP\/wp-json\/wp\/v2\/comments?post=8"}],"version-history":[{"count":0,"href":"https:\/\/www.elannonnayttamo.fi\/WP\/wp-json\/wp\/v2\/pages\/8\/revisions"}],"wp:attachment":[{"href":"https:\/\/www.elannonnayttamo.fi\/WP\/wp-json\/wp\/v2\/media?parent=8"}],"curies":[{"name":"wp","href":"https:\/\/api.w.org\/{rel}","templated":true}]}}