{"id":7,"date":"2016-02-01T01:57:33","date_gmt":"2016-01-31T23:57:33","guid":{"rendered":"http:\/\/www.elannonnayttamo.fi\/SITE\/?page_id=7"},"modified":"2021-01-06T15:35:57","modified_gmt":"2021-01-06T13:35:57","slug":"historia","status":"publish","type":"page","link":"https:\/\/www.elannonnayttamo.fi\/WP\/historia\/","title":{"rendered":"Historia"},"content":{"rendered":"<h1>HEIMOLAN KELLARISTA KIRJAN TALOLLE<\/h1>\n<p><img loading=\"lazy\" decoding=\"async\" src=\"https:\/\/www.elannonnayttamo.fi\/WP\/wp-content\/uploads\/2016\/02\/history-building.jpg\" alt=\"\" width=\"620\" height=\"420\" class=\"alignnone size-full wp-image-16\" srcset=\"https:\/\/www.elannonnayttamo.fi\/WP\/wp-content\/uploads\/2016\/02\/history-building.jpg 620w, https:\/\/www.elannonnayttamo.fi\/WP\/wp-content\/uploads\/2016\/02\/history-building-300x203.jpg 300w\" sizes=\"auto, (max-width: 620px) 100vw, 620px\" \/><\/p>\n<p><strong>Elannon N\u00e4ytt\u00e4m\u00f6, vire\u00e4 ja kunnianhimoinen harrastajateatteri, on toiminut yht\u00e4jaksoisesti jo 100 vuotta. Teatterilla on kulttuurihistoriallisesti merkitt\u00e4v\u00e4 rooli Helsingiss\u00e4, erityisesti kantakaupungissa ja ty\u00f6l\u00e4iskaupunginosissa \u2013 aivan kuten Osuusliike Elannollakin aikoinaan. Elannon N\u00e4ytt\u00e4m\u00f6 on ainoa aidosti j\u00e4ljell\u00e4 oleva palanen vanhasta Elannosta.<\/p>\n<p><\/strong><\/p>\n<p>Elannon henkil\u00f6kunnan n\u00e4ytelm\u00e4seura perustettiin vuonna 1921 Helsingiss\u00e4. Ensimm\u00e4inen esityspaikka oli Heimolan talossa, Elannon vuokratiloissa Hallituskatu 15:ssa. Vuonna 1922 toiminta siirtyi Sompasaareen. Syksyll\u00e4 1928 valmistui Kaikukadun ja H\u00e4meentien kulmaan Elannon uusi hallintorakennus, josta n\u00e4ytelm\u00e4seura sai k\u00e4ytt\u00f6\u00f6ns\u00e4 suuren juhlasalin ja modernin n\u00e4ytt\u00e4m\u00f6n. Toimintaa j\u00e4rjestettiin nyt kokonaan uudella tavalla, hyv\u00e4ksyttiin uudet s\u00e4\u00e4nn\u00f6t ja muutettiin nimi \u2013 syntyi Elannon N\u00e4ytt\u00e4m\u00f6.<\/p>\n<p>Alun vuosikymmenin\u00e4 N\u00e4ytt\u00e4m\u00f6 tuotti vuosittain useita n\u00e4ytelmi\u00e4, ohjelmistossa oli sek\u00e4 kokoillan n\u00e4ytelmi\u00e4 ett\u00e4 pienoisn\u00e4ytelmi\u00e4, my\u00f6s operetteja ja laulun\u00e4ytelmi\u00e4. Etenkin lyhytn\u00e4ytelmi\u00e4 kierrettiin esitt\u00e4m\u00e4ss\u00e4 my\u00f6s maakunnissa. 60-luvulla tiukasta ohjelmatavoitteesta luovuttiin, ja p\u00e4\u00e4m\u00e4\u00e4r\u00e4ksi otettiin kahden kokoillan n\u00e4ytelm\u00e4n ja yhden pienoisn\u00e4ytelm\u00e4n valmistaminen vuosittain.<\/p>\n<p>N\u00e4ytt\u00e4m\u00f6ll\u00e4 on ollut historiansa aikana sek\u00e4 vakituisia ett\u00e4 vierailevia ohjaajia. Kaikkien aikojen tuotteliain ohjaaja oli Elannon N\u00e4ytt\u00e4m\u00f6n \u201dluoja\u201d Verna Piponius, joka ohjasi N\u00e4ytt\u00e4m\u00f6lle per\u00e4ti 64 kokoillan n\u00e4ytelm\u00e4\u00e4 alkaen Lauri Haarlan tragikomediasta \u201dMiksi h\u00e4n nauroi\u201d vuonna 1930 ja p\u00e4\u00e4ttyen Hella Wuolijoen \u201dJustiinaan\u201d vuonna 1967. Lis\u00e4ksi Piponius ohjasi noin 40 lyhytn\u00e4ytelm\u00e4\u00e4.<\/p>\n<p>N\u00e4ytt\u00e4m\u00f6 sai toimia Kaikukadulla 80 vuotta, aina kev\u00e4\u00e4seen 2009 saakka. Syksyll\u00e4 2009 n\u00e4ytt\u00e4m\u00f6 sai v\u00e4liaikaisen harjoitus- ja esitystilan Paasitornin Juho Rissanen -salista, ja nykyinen esityspaikka on Kirjan talolla, Kirjaty\u00f6ntekij\u00e4inyhdistys ry:n juhlasalissa Kruunuhaassa.<\/p>\n<p>Nyky\u00e4\u00e4n N\u00e4ytt\u00e4m\u00f6 tuottaa 2 ensi-iltaa vuodessa vierailevien ohjaajien ohjauksessa.<\/p>\n","protected":false},"excerpt":{"rendered":"<p>HEIMOLAN KELLARISTA KIRJAN TALOLLE Elannon N\u00e4ytt\u00e4m\u00f6, vire\u00e4 ja kunnianhimoinen harrastajateatteri, on toiminut yht\u00e4jaksoisesti jo 100 vuotta. Teatterilla on kulttuurihistoriallisesti merkitt\u00e4v\u00e4 rooli Helsingiss\u00e4, erityisesti kantakaupungissa ja ty\u00f6l\u00e4iskaupunginosissa \u2013 aivan kuten Osuusliike Elannollakin aikoinaan. Elannon N\u00e4ytt\u00e4m\u00f6 on ainoa aidosti j\u00e4ljell\u00e4 oleva palanen vanhasta Elannosta. Elannon henkil\u00f6kunnan n\u00e4ytelm\u00e4seura perustettiin vuonna 1921 Helsingiss\u00e4. Ensimm\u00e4inen esityspaikka oli Heimolan talossa, Elannon [&hellip;]<\/p>\n","protected":false},"author":1,"featured_media":0,"parent":0,"menu_order":0,"comment_status":"closed","ping_status":"closed","template":"","meta":{"footnotes":""},"class_list":["post-7","page","type-page","status-publish","hentry","without-featured-image"],"_links":{"self":[{"href":"https:\/\/www.elannonnayttamo.fi\/WP\/wp-json\/wp\/v2\/pages\/7","targetHints":{"allow":["GET"]}}],"collection":[{"href":"https:\/\/www.elannonnayttamo.fi\/WP\/wp-json\/wp\/v2\/pages"}],"about":[{"href":"https:\/\/www.elannonnayttamo.fi\/WP\/wp-json\/wp\/v2\/types\/page"}],"author":[{"embeddable":true,"href":"https:\/\/www.elannonnayttamo.fi\/WP\/wp-json\/wp\/v2\/users\/1"}],"replies":[{"embeddable":true,"href":"https:\/\/www.elannonnayttamo.fi\/WP\/wp-json\/wp\/v2\/comments?post=7"}],"version-history":[{"count":0,"href":"https:\/\/www.elannonnayttamo.fi\/WP\/wp-json\/wp\/v2\/pages\/7\/revisions"}],"wp:attachment":[{"href":"https:\/\/www.elannonnayttamo.fi\/WP\/wp-json\/wp\/v2\/media?parent=7"}],"curies":[{"name":"wp","href":"https:\/\/api.w.org\/{rel}","templated":true}]}}