{"id":2,"date":"2016-01-30T17:54:15","date_gmt":"2016-01-30T15:54:15","guid":{"rendered":"http:\/\/www.elannonnayttamo.fi\/SITE\/?page_id=2"},"modified":"2026-05-08T09:30:10","modified_gmt":"2026-05-08T06:30:10","slug":"esimerkkisivu","status":"publish","type":"page","link":"https:\/\/www.elannonnayttamo.fi\/WP\/","title":{"rendered":"Etusivu"},"content":{"rendered":"<h1><strong>Yksi halusta, toinen rakkaudesta<\/strong><\/h1>\n<h6><strong>Kun totuus tulee kutsumatta illalliselle.<\/strong><\/h6>\n<p>Mit\u00e4 tapahtuu, kun kolme menestyv\u00e4\u00e4 pariskuntaa kokoontuu viett\u00e4m\u00e4\u00e4n rentoa viikonloppua maaseudun rauhassa? Odotettavissa on hyv\u00e4\u00e4 ruokaa, viini\u00e4 ja \u00e4lyk\u00e4st\u00e4 keskustelua. Illan edetess\u00e4 huolella rakennetut kulissit alkavat kuitenkin murtua.<\/p>\n<p>Harvassa suhteessa ollaan t\u00e4ysin rehellisi\u00e4, jokaisella on omat, enemm\u00e4n tai v\u00e4hemm\u00e4n piilotetut puolensa. Yksi suhde ei ole sit\u00e4, milt\u00e4 ulosp\u00e4in n\u00e4ytt\u00e4\u00e4, toinen seisoo huteralta tuntuvan perustan varassa, ja kolmas jatkuu l\u00e4hinn\u00e4 tottumuksen voimalla.<br \/>\nKun viinilasit t\u00e4yttyv\u00e4t ja tilanne karkaa k\u00e4sist\u00e4, kukaan ei s\u00e4\u00e4sty.<\/p>\n<p><strong>Kari Heiskasen<\/strong> kirjoittama <strong>Yksi halusta, toinen rakkaudesta<\/strong> on s\u00e4h\u00e4kk\u00e4 ja yll\u00e4tyksellinen draamakomedia, jossa ter\u00e4v\u00e4 ja ronski dialogi, kiusallisen tarkka ihmissuhdehuumori ja t\u00e4ydellisesti ajoitetut katastrofit kietoutuvat yhteen. Se huvittaa, yll\u00e4tt\u00e4\u00e4 ja saa hieman vaivaantumaan, sill\u00e4 v\u00e4lill\u00e4 tunnistaa itsens\u00e4 turhankin hyvin.<\/p>\n<p>Tervetuloa iltaan, jossa kohteliaisuudet muuttuvat paljastuksiksi ja suunnitelmat sekasotkuksi. T\u00e4ydellisest\u00e4 viikonlopusta ei ole en\u00e4\u00e4 tietoakaan.<\/p>\n<p><strong>N\u00e4ytelm\u00e4n ohjauksesta vastaa Eija Kankare.<\/strong><\/p>\n<p><strong>ENSI-ILTA La 24.10. klo 15<\/strong><br \/>\nKe 28.10. klo 19<br \/>\nKe 4.11. klo 19<br \/>\nLa 7.11. klo 15<br \/>\nSu 8.11. klo 15<br \/>\nKe 11.11. klo 19<br \/>\nLa 14.11. klo 15<br \/>\nSu 15.11. klo 15<br \/>\nPe 20.11. klo 19<\/p>\n<p>&nbsp;<\/p>\n","protected":false},"excerpt":{"rendered":"<p>Yksi halusta, toinen rakkaudesta Kun totuus tulee kutsumatta illalliselle. Mit\u00e4 tapahtuu, kun kolme menestyv\u00e4\u00e4 pariskuntaa kokoontuu viett\u00e4m\u00e4\u00e4n rentoa viikonloppua maaseudun rauhassa? Odotettavissa on hyv\u00e4\u00e4 ruokaa, viini\u00e4 ja \u00e4lyk\u00e4st\u00e4 keskustelua. Illan edetess\u00e4 huolella rakennetut kulissit alkavat kuitenkin murtua. Harvassa suhteessa ollaan t\u00e4ysin rehellisi\u00e4, jokaisella on omat, enemm\u00e4n tai v\u00e4hemm\u00e4n piilotetut puolensa. Yksi suhde ei ole sit\u00e4, [&hellip;]<\/p>\n","protected":false},"author":1,"featured_media":0,"parent":0,"menu_order":0,"comment_status":"closed","ping_status":"open","template":"","meta":{"footnotes":""},"class_list":["post-2","page","type-page","status-publish","hentry","without-featured-image"],"_links":{"self":[{"href":"https:\/\/www.elannonnayttamo.fi\/WP\/wp-json\/wp\/v2\/pages\/2","targetHints":{"allow":["GET"]}}],"collection":[{"href":"https:\/\/www.elannonnayttamo.fi\/WP\/wp-json\/wp\/v2\/pages"}],"about":[{"href":"https:\/\/www.elannonnayttamo.fi\/WP\/wp-json\/wp\/v2\/types\/page"}],"author":[{"embeddable":true,"href":"https:\/\/www.elannonnayttamo.fi\/WP\/wp-json\/wp\/v2\/users\/1"}],"replies":[{"embeddable":true,"href":"https:\/\/www.elannonnayttamo.fi\/WP\/wp-json\/wp\/v2\/comments?post=2"}],"version-history":[{"count":0,"href":"https:\/\/www.elannonnayttamo.fi\/WP\/wp-json\/wp\/v2\/pages\/2\/revisions"}],"wp:attachment":[{"href":"https:\/\/www.elannonnayttamo.fi\/WP\/wp-json\/wp\/v2\/media?parent=2"}],"curies":[{"name":"wp","href":"https:\/\/api.w.org\/{rel}","templated":true}]}}